{"id":402,"date":"2020-07-29T16:53:24","date_gmt":"2020-07-29T14:53:24","guid":{"rendered":"https:\/\/mekelburger.de\/?page_id=402"},"modified":"2025-04-14T03:27:23","modified_gmt":"2025-04-14T01:27:23","slug":"impressum","status":"publish","type":"page","link":"https:\/\/mekelburger.de\/?page_id=402","title":{"rendered":"Impres\u00adsum"},"content":{"rendered":"<p>[et_pb_section fb_built=\u201c1\u201d _builder_version=\u201c4.16\u201d _module_preset=\u201cdefault\u201d global_colors_info=\u201d{}\u201d][et_pb_row column_structure=\u201c3_4,1_4\u201d custom_padding_last_edited=\u201con|phone\u201d _builder_version=\u201c4.16\u201d _module_preset=\u201cdefault\u201d custom_padding_tablet=\u201d||0px||false|false\u201d custom_padding_phone=\u201d\u201d locked=\u201coff\u201d global_colors_info=\u201d{}\u201d][et_pb_column type=\u201c3_4\u201d _builder_version=\u201c4.16\u201d _module_preset=\u201cdefault\u201d global_colors_info=\u201d{}\u201d][et_pb_text _builder_version=\u201c4.16\u201d _module_preset=\u201cdefault\u201d header_font=\u201cJosefin Sans|700||on|||||\u201d header_text_color=\u201d#00b2ff\u201d header_font_size=\u201c24px\u201d header_letter_spacing=\u201c1px\u201d header_line_height=\u201c1.3em\u201d background_enable_color=\u201coff\u201d background_enable_image=\u201coff\u201d background_size=\u201ccontain\u201d transform_translate_linked=\u201coff\u201d width=\u201c38%\u201d custom_margin=\u201d|||0px|false|false\u201d custom_padding=\u201c22px|20px|7px|20px|false|true\u201d custom_padding_tablet=\u201d\u201d custom_padding_phone=\u201c21px|18px||18px|false|true\u201d custom_padding_last_edited=\u201con|phone\u201d header_font_size_tablet=\u201d\u201d header_font_size_phone=\u201c20px\u201d header_font_size_last_edited=\u201con|phone\u201d border_width_all=\u201c2px\u201d border_color_all=\u201d#00b2ff\u201d global_colors_info=\u201d{}\u201d]<\/p>\n<h1>Impres\u00adsum<\/h1>\n<p>[\/et_pb_text][et_pb_text _builder_version=\u201c4.16\u201d _module_preset=\u201cdefault\u201d text_font=\u201cJosefin Sans|300|||||||\u201d text_font_size=\u201c15px\u201d global_colors_info=\u201d{}\u201d]<\/p>\n<p><strong>Anschrift:<\/strong><\/p>\n<p>MMA Michael Mekel\u00adbur\u00adger Auktio\u00adna\u00adtor<br>Theo-Champion-Stra\u00dfe 21\u2028<br>40549 D\u00fcssel\u00addorf<\/p>\n<p>Tel:&nbsp; +49 <span style=\"color: #000000;\"><a href=\"tel:+491636009090\" style=\"color: #000000;\">163 600 90 90<\/a><\/span><br>E\u2011Mail:&nbsp;<a href=\"mailto:office@mekelburger.de\">office@mekelburger.de<\/a><\/p>\n<p><a href=\"mailto:office@mekelburger.de\"> <\/a><\/p>\n<p><a href=\"mailto:office@mekelburger.de\"> <\/a>\u2028<strong>Inhaber:&nbsp;<\/strong>Michael Mekel\u00adbur\u00adger<br><strong>Verant\u00adwort\u00adlich f\u00fcr den Inhalt:<\/strong>&nbsp;Michael Mekel\u00adbur\u00adger<br><strong>USt-Id-Nr.:<\/strong>&nbsp;DE 181 779&nbsp;296<\/p>\n<p><strong>Web-Design:<\/strong> Olga Slabenko (<a href=\"http:\/\/www.olga-slabenko.de\/\">www.olga-slabenko.de<\/a>)<br><strong>Techni\u00adsche Umset\u00adzung &amp; Hosting:<\/strong>&nbsp;Welters Daten\u00adtech\u00adnik, Kerken<br><strong>Aukti\u00adons\u00adkom\u00adpo\u00adnen\u00adte:&nbsp;<\/strong>Bruno Waddey<\/p>\n<p><strong>Erlaub\u00adnis nach \u00a734 b GewO Michael Mekel\u00adbur\u00adger\u2028<\/strong><br>Landes\u00adhaupt\u00adstadt D\u00fcsseldorf<\/p>\n<p><strong>Erlaub\u00adnis nach \u00a734 c GewO:\u2028<\/strong><br>Landes\u00adhaupt\u00adstadt D\u00fcssel\u00addorf \u2014 Erlaub\u00adnis Nr. 165\/2007 \u2014 29.11.2007<\/p>\n<p><strong>Erlaub\u00adnis nach \u00a734 b(1) GewO des Inhabers Michael Mekel\u00adbur\u00adger:\u2028<\/strong><br>Landes\u00adhaupt\u00adstadt D\u00fcssel\u00addorf \u2014 25.02.1983<\/p>\n<p><strong>\u00d6ffent\u00adli\u00adche Bestel\u00adlung nach \u00a734 b(5) GewO des Inhabers Michael Mekel\u00adbur\u00adger:\u2028<\/strong><br>IHK D\u00fcssel\u00addorf \u2014 25.02.2002<\/p>\n<p><strong>Zust\u00e4n\u00addi\u00adge Aufsichts\u00adbe\u00adh\u00f6r\u00adden:<\/strong><br>Gewerbe- und Ordnungs\u00adamt D\u00fcssel\u00addorf<br>Landes\u00adhaupt\u00adstadt D\u00fcssel\u00addorf<br>Worrin\u00adger\u00adstra\u00ad\u00dfe 111<br>40210 D\u00fcssel\u00addorf<\/p>\n<p>Indus\u00adtrie- und Handels\u00adkam\u00admer zu D\u00fcssel\u00addorf<br>Ernst-Schnei\u00adder-Platz 1<br>40212 D\u00fcssel\u00addorf<\/p>\n<p>Wir freuen uns&nbsp;\u00fcber Ihren Besuch auf unserer Website sowie \u00fcber Ihr Inter\u00ades\u00adse an unserem Unter\u00adneh\u00admen und unseren Leistun\u00adgen.<br>Nachste\u00adhend finden Sie recht\u00adli\u00adche Hinweise zur Nutzung unserer Website:<\/p>\n<p><strong>Urheber\u00adrecht:\u2028<\/strong><br>Copyright 2001\u20132020 Michael Mekel\u00adbur\u00adger Auktio\u00adna\u00adtor. Alle Rechte vorbe\u00adhal\u00adten.\u2028Alle Texte, Bilder, Grafiken, Ton\u2011, Video- und Anima\u00adti\u00adons\u00adda\u00adtei\u00aden sowie ihre Arran\u00adge\u00adments unter\u00adlie\u00adgen dem Urheber\u00adrecht und anderen Gesetzen zum Schutz geisti\u00adgen Eigen\u00adtums. Sie d\u00fcrfen ohne schrift\u00adli\u00adche Geneh\u00admi\u00adgung weder kopiert, noch ver\u00e4n\u00addert oder auf anderen Websites verwen\u00addet werden. Die auf diesen Internet-Seiten verwen\u00adde\u00adten Marken\u00adna\u00admen sind einge\u00adtra\u00adge\u00adne Waren\u00adzei\u00adchen von Michael Mekel\u00adbur\u00adger Auktio\u00adna\u00adtor einschlie\u00df\u00adlich der verwen\u00adde\u00adten Logos dieser Marken. Andere auf diesen Internet-Seiten verwen\u00adde\u00adte Namen und Logos f\u00fcr Herstel\u00adler und Produkte werden nur zur Identi\u00adfi\u00adka\u00adti\u00adon verwen\u00addet und sind Eigentum der jewei\u00adli\u00adgen Hersteller.<\/p>\n<p><strong> Lizenz\u00adrech\u00adte:\u2028<\/strong><br>Diese Webseite gew\u00e4hrt keiner\u00adlei Lizenz\u00adrech\u00adte an dem geisti\u00adgen Eigentum von Michael Mekel\u00adbur\u00adger Auktionator.<\/p>\n<p><strong>Haftungs\u00adaus\u00adschluss:\u2028<\/strong><br>Die Angaben auf dieser Website dienen nur zur generel\u00adlen Infor\u00adma\u00adti\u00adon. Wir haben diese sorgf\u00e4l\u00adtig gepr\u00fcft, \u00fcberneh\u00admen jedoch keiner\u00adlei Gew\u00e4hr f\u00fcr die Richtig\u00adkeit, Vollst\u00e4n\u00addig\u00adkeit und Aktua\u00adli\u00adt\u00e4t der angebo\u00adte\u00adnen Infor\u00adma\u00adti\u00adon. Die Inhalte externer Websites, die \u00fcber Hyper\u00adlinks von dieser Website aus erreicht werden k\u00f6nnen oder die auf diese Website verwei\u00adsen, sind fremde Inhalte, auf die Michael Mekel\u00adbur\u00adger Auktio\u00adna\u00adtor keinen Einfluss hat und f\u00fcr die keiner\u00adlei Gew\u00e4hr \u00fcbernom\u00admen wird. Es ist gestat\u00adtet, die enthal\u00adte\u00adnen Infor\u00adma\u00adtio\u00adnen zu pers\u00f6n\u00adli\u00adchen Zwecken einzu\u00adse\u00adhen, zu kopieren, auszu\u00addru\u00adcken und weiter\u00adzu\u00adge\u00adben. Eine \u00fcber den pers\u00f6n\u00adli\u00adchen Gebrauch hinaus\u00adge\u00adhen\u00adde Verviel\u00adf\u00e4l\u00adti\u00adgung oder Verbrei\u00adtung von auf dieser Website enthal\u00adte\u00adnen Angaben bedarf der vorhe\u00adri\u00adgen Zustim\u00admung der vorste\u00adhend im Impres\u00adsum genann\u00adten verant\u00adwort\u00adli\u00adchen Person. Wir \u00fcberneh\u00admen keine Haftung f\u00fcr \u00fcber das Internet \u00fcbermit\u00adtel\u00adte Nachrich\u00adten (EMails).<\/p>\n<p><strong>Daten\u00adschutz in K\u00fcrze:\u2028<\/strong><br>Sofern inner\u00adhalb unseres Inter\u00adnet\u00adan\u00adge\u00adbo\u00adtes die M\u00f6glich\u00adkeit zur Eingabe pers\u00f6n\u00adli\u00adcher oder gesch\u00e4ft\u00adli\u00adcher Daten wie E\u2011Mail-Adressen, Namen oder Anschrif\u00adten besteht, so erfolgt die Preis\u00adga\u00adbe dieser Daten seitens des Nutzers auf ausdr\u00fcck\u00adlich freiwil\u00adli\u00adger Basis. Wir versi\u00adchern Ihnen hiermit, dass Ihre Daten nur zu Zwecken der Abwick\u00adlung der \u00fcblichen Gesch\u00e4fts\u00adpro\u00adzes\u00adse, Kontakt\u00adauf\u00adnah\u00adme mit Ihnen und zu Ihrer Infor\u00adma\u00adti\u00adon verwen\u00addet werden. Perso\u00adnen\u00adge\u00adbun\u00adde\u00adne Daten werden ohne Ihre ausdr\u00fcck\u00adli\u00adche Geneh\u00admi\u00adgung nicht an Dritte weiter\u00adge\u00adge\u00adben, die nicht durch verein\u00adbar\u00adte Dienst\u00adleis\u00adtun\u00adgen (z.B. Zahlungs\u00advor\u00adg\u00e4n\u00adge) zur Abwick\u00adlung laufen\u00adder Gesch\u00e4fts\u00adpro\u00adzes\u00adse einge\u00adbun\u00adden&nbsp;sind.<\/p>\n<p>Der Umgang mit Bestands\u00adda\u00adten von Michael Mekel\u00adbur\u00adger Auktio\u00adna\u00adtor beruht auf der Europ\u00e4i\u00adschen Daten\u00adschutz\u00adgrund\u00adver\u00adord\u00adnung, dem Bundes\u00adda\u00adten\u00adschutz\u00adge\u00adsetz und dem Teleme\u00addi\u00aden\u00adge\u00adsetz, s.u.<\/p>\n<p>Sie haben jeder\u00adzeit ein Recht auf kosten\u00adlo\u00adse Auskunft und Berich\u00adti\u00adgung, sowie Sperrung und L\u00f6schung Ihrer Daten, sofern keine rechts\u00adg\u00fcl\u00adti\u00adgen laufen\u00adden Gesch\u00e4fts\u00adpro\u00adzes\u00adse beein\u00adtr\u00e4ch\u00adtigt werden.<\/p>\n<p>Wir setzen organi\u00adsa\u00adto\u00adri\u00adsche und techni\u00adsche Ma\u00dfnah\u00admen ein, um unseren Daten\u00adbe\u00adstand gegen Manipu\u00adla\u00adti\u00adon, Verlust oder Diebstahl zu sch\u00fctzen. Die \u00dcbertra\u00adgung pers\u00f6n\u00adli\u00adcher Daten und&nbsp;Daten f\u00fcr Gebote erfolgt SSL-verschl\u00fcs\u00adselt zwischen Nutzern und unserem Server.<\/p>\n<p>Nutzer der Online-Auktio\u00adnen willigen der Speiche\u00adrung mit ihrer Online-Anmel\u00addung, dem Empfan\u00adgen einer Bieter\u00adkar\u00adte oder einer Anfrage per EMail, Telefon oder Fax ein. Nutzer, vor allem Bieter bei Online-Auktio\u00adnen, haben selbst\u00e4n\u00addig durch geeig\u00adne\u00adte Ma\u00dfnah\u00admen f\u00fcr den Schutz ihrer Online-Zugangs\u00adda\u00adten zu sorgen. F\u00fcr etwaige Folgen durch Missbrauch entwen\u00adde\u00adter oder ersp\u00e4h\u00adter Zugangs\u00adda\u00adten sind die Nutzer selbst verantwortlich.<\/p>\n<p>Diese Website benutzt Piwik, eine Open-Source-Software zur statis\u00adti\u00adschen Auswer\u00adtung der Besucher\u00adzu\u00adgrif\u00adfe. Piwik verwen\u00addet sog. \u201cCookies\u201d, Textda\u00adtei\u00aden, die auf den Compu\u00adtern von Nutzern gespei\u00adchert werden und die eine Analyse der Benut\u00adzung der Website erm\u00f6g\u00adli\u00adchen. Dies dient der perma\u00adnen\u00adten Verbes\u00adse\u00adrung unseres Internet-Angebots f\u00fcr unsere Kunden. Die durch den Cookie erzeug\u00adten Infor\u00adma\u00adtio\u00adnen \u00fcber die Benut\u00adzung dieses Internet-Angebo\u00adtes werden auf dem Server des Anbie\u00adters in Deutsch\u00adland gespei\u00adchert. Nutzer k\u00f6nnen die Instal\u00adla\u00adti\u00adon der Cookies durch eine entspre\u00adchen\u00adde Einstel\u00adlung ihrer Browser-Software verhin\u00addern; wir weisen jedoch darauf hin, dass in diesem Fall gegebe\u00adnen\u00adfalls nicht s\u00e4mtli\u00adche Funktio\u00adnen dieser Website voll umf\u00e4ng\u00adlich nutzbar sein k\u00f6nnen.<\/p>\n<p>[\/et_pb_text][\/et_pb_column][et_pb_column type=\u201c1_4\u201d _builder_version=\u201c4.16\u201d _module_preset=\u201cdefault\u201d global_colors_info=\u201d{}\u201d][\/et_pb_column][\/et_pb_row][\/et_pb_section]<\/p>\n","protected":false},"excerpt":{"rendered":"<p>Impres\u00adsum\u00adAn\u00adschrift: MMA Michael Mekel\u00adbur\u00adger Auktio\u00adnat\u00ador\u00adTheo-Champion-Stra\u00dfe 21\u202840549 D\u00fcssel\u00addorf Tel:&nbsp; +49 163 600 90 90E-Mail:&nbsp;office@mekelburger.de \u2028Inhaber:&nbsp;Michael Mekel\u00adbur\u00adger\u00adVer\u00adant\u00adwort\u00adlich f\u00fcr den Inhalt:&nbsp;Michael Mekel\u00adbur\u00adge\u00adrUSt-Id-Nr.:&nbsp;DE 181 779 296 Web-Design: Olga Slabenko (www.olga-slabenko.de)Technische Umset\u00adzung &amp; Hosting:&nbsp;Welters Daten\u00adtech\u00adnik, Kerken\u00adAuk\u00adti\u00adons\u00adkom\u00adpo\u00adnen\u00adte:&nbsp;Bruno Waddey Erlaub\u00adnis nach \u00a734 b GewO Michael Mekel\u00adbur\u00adger\u2028Landes\u00adhaupt\u00adstadt D\u00fcssel\u00addorf Erlaub\u00adnis nach \u00a734 c GewO:\u2028Landes\u00adhaupt\u00adstadt D\u00fcssel\u00addorf \u2014 Erlaub\u00adnis Nr. 165\/2007 \u2014 29.11.2007 Erlaub\u00adnis nach \u00a734 [\u2026]<\/p>\n","protected":false},"author":2,"featured_media":0,"parent":0,"menu_order":0,"comment_status":"closed","ping_status":"closed","template":"","meta":{"_et_pb_use_builder":"on","_et_pb_old_content":"","_et_gb_content_width":"","wp_typography_post_enhancements_disabled":false,"footnotes":""},"class_list":["post-402","page","type-page","status-publish","hentry"],"_links":{"self":[{"href":"https:\/\/mekelburger.de\/index.php?rest_route=\/wp\/v2\/pages\/402","targetHints":{"allow":["GET"]}}],"collection":[{"href":"https:\/\/mekelburger.de\/index.php?rest_route=\/wp\/v2\/pages"}],"about":[{"href":"https:\/\/mekelburger.de\/index.php?rest_route=\/wp\/v2\/types\/page"}],"author":[{"embeddable":true,"href":"https:\/\/mekelburger.de\/index.php?rest_route=\/wp\/v2\/users\/2"}],"replies":[{"embeddable":true,"href":"https:\/\/mekelburger.de\/index.php?rest_route=%2Fwp%2Fv2%2Fcomments&post=402"}],"version-history":[{"count":5,"href":"https:\/\/mekelburger.de\/index.php?rest_route=\/wp\/v2\/pages\/402\/revisions"}],"predecessor-version":[{"id":504,"href":"https:\/\/mekelburger.de\/index.php?rest_route=\/wp\/v2\/pages\/402\/revisions\/504"}],"wp:attachment":[{"href":"https:\/\/mekelburger.de\/index.php?rest_route=%2Fwp%2Fv2%2Fmedia&parent=402"}],"curies":[{"name":"wp","href":"https:\/\/api.w.org\/{rel}","templated":true}]}}